{"id":29085,"date":"2026-03-28T21:38:31","date_gmt":"2026-03-28T21:38:31","guid":{"rendered":"https:\/\/gelecekpazar.com\/?post_type=product&#038;p=29085"},"modified":"2026-03-28T21:43:37","modified_gmt":"2026-03-28T21:43:37","slug":"regal-rgl-65-mk-65-lt-mekanik-termosifon","status":"publish","type":"product","link":"https:\/\/gelecekpazar.com\/tr\/urun\/regal-rgl-65-mk-65-lt-mekanik-termosifon\/","title":{"rendered":"Regal RGL 65 MK 65 Lt Mekanik Termosifon"},"content":{"rendered":"<p>Genel \u00d6zellikler<br \/>\nG\u00f6vde Tipi<br \/>\nKare<br \/>\nKapasite (Lt)<br \/>\n65<br \/>\nKontrol Paneli<br \/>\nMekanik<br \/>\nKorozyon \u00d6nleyici Sistem<br \/>\nVar<br \/>\nPaslanmaz \u00c7elik Rezistans<br \/>\nVar<br \/>\nS\u0131cakl\u0131k Ayar\u0131<br \/>\n25 \u00b0C &#8211; 75 \u00b0C Su S\u0131cakl\u0131\u011f\u0131 Aral\u0131\u011f\u0131<br \/>\nSusuz \u00c7al\u0131\u015fma Emniyeti<br \/>\nVar<br \/>\nTitanyum \u00d6zelli\u011fi<br \/>\nVar<br \/>\nVerimli Is\u0131 \u0130zolasyonu<br \/>\nVar<br \/>\nY\u00fcksek Su Bas\u0131nc\u0131na Kar\u015f\u0131 Dayan\u0131m<br \/>\n10 Bar (1 MPa)<br \/>\nEnerji S\u0131n\u0131f\u0131<br \/>\nC<br \/>\nG\u00fc\u00e7 (W)<br \/>\n2000 W<br \/>\nY\u00fcksek S\u0131cakl\u0131k Alarm\u0131<br \/>\nVar<br \/>\nKontrol Y\u00f6ntemi<br \/>\nAyarlanabilir Termostat<\/p>","protected":false},"excerpt":{"rendered":"<p>Di\u011fer Bilgiler<br \/>\n\u00dcr\u00fcn Kodu<br \/>\n20265142<br \/>\n\u00dccretsiz Garanti S\u00fcresi<br \/>\n3 Y\u0131l Garanti<br \/>\n\u00dccretsiz Montaj<br \/>\nVar<\/p>","protected":false},"featured_media":29086,"comment_status":"open","ping_status":"closed","template":"","meta":[],"product_brand":[],"product_cat":[30,29],"product_tag":[],"class_list":{"0":"post-29085","1":"product","2":"type-product","3":"status-publish","4":"has-post-thumbnail","6":"product_cat-beyaz-esya","7":"product_cat-elektronik","9":"first","10":"instock","11":"shipping-taxable","12":"purchasable","13":"product-type-simple"},"_links":{"self":[{"href":"https:\/\/gelecekpazar.com\/tr\/wp-json\/wp\/v2\/product\/29085","targetHints":{"allow":["GET"]}}],"collection":[{"href":"https:\/\/gelecekpazar.com\/tr\/wp-json\/wp\/v2\/product"}],"about":[{"href":"https:\/\/gelecekpazar.com\/tr\/wp-json\/wp\/v2\/types\/product"}],"replies":[{"embeddable":true,"href":"https:\/\/gelecekpazar.com\/tr\/wp-json\/wp\/v2\/comments?post=29085"}],"version-history":[{"count":8,"href":"https:\/\/gelecekpazar.com\/tr\/wp-json\/wp\/v2\/product\/29085\/revisions"}],"predecessor-version":[{"id":29160,"href":"https:\/\/gelecekpazar.com\/tr\/wp-json\/wp\/v2\/product\/29085\/revisions\/29160"}],"wp:featuredmedia":[{"embeddable":true,"href":"https:\/\/gelecekpazar.com\/tr\/wp-json\/wp\/v2\/media\/29086"}],"wp:attachment":[{"href":"https:\/\/gelecekpazar.com\/tr\/wp-json\/wp\/v2\/media?parent=29085"}],"wp:term":[{"taxonomy":"product_brand","embeddable":true,"href":"https:\/\/gelecekpazar.com\/tr\/wp-json\/wp\/v2\/product_brand?post=29085"},{"taxonomy":"product_cat","embeddable":true,"href":"https:\/\/gelecekpazar.com\/tr\/wp-json\/wp\/v2\/product_cat?post=29085"},{"taxonomy":"product_tag","embeddable":true,"href":"https:\/\/gelecekpazar.com\/tr\/wp-json\/wp\/v2\/product_tag?post=29085"}],"curies":[{"name":"wp","href":"https:\/\/api.w.org\/{rel}","templated":true}]}}